{"id":1233,"date":"2022-11-07T18:15:56","date_gmt":"2022-11-07T22:15:56","guid":{"rendered":"https:\/\/inmigration.warellano.dev\/?page_id=1233"},"modified":"2025-01-01T10:06:37","modified_gmt":"2025-01-01T18:06:37","slug":"asesoria-educativa","status":"publish","type":"page","link":"https:\/\/asesorias.immigrationandeducation.com\/en\/asesoria-educativa\/","title":{"rendered":"Asesor\u00eda Educativa"},"content":{"rendered":"\t\t<div data-elementor-type=\"wp-page\" data-elementor-id=\"1233\" class=\"elementor elementor-1233\" data-elementor-post-type=\"page\">\n\t\t\t\t\t\t<section class=\"elementor-section elementor-top-section elementor-element elementor-element-5dc79e6 elementor-section-boxed elementor-section-height-default elementor-section-height-default\" data-id=\"5dc79e6\" data-element_type=\"section\">\n\t\t\t\t\t\t<div class=\"elementor-container elementor-column-gap-default\">\n\t\t\t\t\t<div class=\"elementor-column elementor-col-100 elementor-top-column elementor-element elementor-element-bb27c38\" data-id=\"bb27c38\" data-element_type=\"column\">\n\t\t\t<div class=\"elementor-widget-wrap elementor-element-populated\">\n\t\t\t\t\t\t<div class=\"elementor-element elementor-element-cfd402e elementor-widget elementor-widget-text-editor\" data-id=\"cfd402e\" data-element_type=\"widget\" data-widget_type=\"text-editor.default\">\n\t\t\t\t<div class=\"elementor-widget-container\">\n\t\t\t\t\t\t\t\t\t<p>Asesor\u00eda gratuita para exploraci\u00f3n de programas y destinos educativos; registro y admisi\u00f3n en escuelas. Esta asesor\u00eda se ofrece sin costo, siempre y cuando se haga el registro a trav\u00e9s de la agencia \u201cExplore I.D.E.A.S. Immigration and Education Corp&#8221;.<\/p>\t\t\t\t\t\t\t\t<\/div>\n\t\t\t\t<\/div>\n\t\t\t\t<div class=\"elementor-element elementor-element-508eaf6 elementor-widget elementor-widget-text-editor\" data-id=\"508eaf6\" data-element_type=\"widget\" data-widget_type=\"text-editor.default\">\n\t\t\t\t<div class=\"elementor-widget-container\">\n\t\t\t\t\t\t\t\t\t<p>\n<div class=\"wpcf7 no-js\" id=\"wpcf7-f1260-o1\" lang=\"es-ES\" dir=\"ltr\" data-wpcf7-id=\"1260\">\n<div class=\"screen-reader-response\"><p role=\"status\" aria-live=\"polite\" aria-atomic=\"true\"><\/p> <ul><\/ul><\/div>\n<form action=\"\/en\/wp-json\/wp\/v2\/pages\/1233#wpcf7-f1260-o1\" method=\"post\" class=\"wpcf7-form init\" aria-label=\"Formulario de contacto\" novalidate=\"novalidate\" data-status=\"init\">\n<fieldset class=\"hidden-fields-container\"><input type=\"hidden\" name=\"_wpcf7\" value=\"1260\" \/><input type=\"hidden\" name=\"_wpcf7_version\" value=\"6.1.5\" \/><input type=\"hidden\" name=\"_wpcf7_locale\" value=\"es_ES\" \/><input type=\"hidden\" name=\"_wpcf7_unit_tag\" value=\"wpcf7-f1260-o1\" \/><input type=\"hidden\" name=\"_wpcf7_container_post\" value=\"0\" \/><input type=\"hidden\" name=\"_wpcf7_posted_data_hash\" value=\"\" \/>\n<\/fieldset>\n<p><label> Nombre y Apellidos<br \/>\n<span class=\"wpcf7-form-control-wrap\" data-name=\"nombre\"><input size=\"40\" maxlength=\"400\" class=\"wpcf7-form-control wpcf7-text wpcf7-validates-as-required\" aria-required=\"true\" aria-invalid=\"false\" value=\"\" type=\"text\" name=\"nombre\" \/><\/span> <\/label>\n<\/p>\n<p><label> Correo electr\u00f3nico<br \/>\n<span class=\"wpcf7-form-control-wrap\" data-name=\"email\"><input size=\"40\" maxlength=\"400\" class=\"wpcf7-form-control wpcf7-email wpcf7-validates-as-required wpcf7-text wpcf7-validates-as-email\" aria-required=\"true\" aria-invalid=\"false\" value=\"\" type=\"email\" name=\"email\" \/><\/span> <\/label>\n<\/p>\n<p><label> Tel\u00e9fono m\u00f3vil<br \/>\n<span class=\"wpcf7-form-control-wrap\" data-name=\"telefono\"><input size=\"40\" maxlength=\"400\" class=\"wpcf7-form-control wpcf7-text wpcf7-validates-as-required\" aria-required=\"true\" aria-invalid=\"false\" value=\"\" type=\"text\" name=\"telefono\" \/><\/span> <\/label>\n<\/p>\n<p><label> Nacionalidad\/ Pa\u00eds de origen<br \/>\n<span class=\"wpcf7-form-control-wrap\" data-name=\"nacionalidad\"><input size=\"40\" maxlength=\"400\" class=\"wpcf7-form-control wpcf7-text\" aria-invalid=\"false\" value=\"\" type=\"text\" name=\"nacionalidad\" \/><\/span> <\/label>\n<\/p>\n<p><label> Lugar actual de Residencia<br \/>\n<span class=\"wpcf7-form-control-wrap\" data-name=\"pregunta-1\"><input size=\"40\" maxlength=\"400\" class=\"wpcf7-form-control wpcf7-text\" aria-invalid=\"false\" value=\"\" type=\"text\" name=\"pregunta-1\" \/><\/span> <\/label>\n<\/p>\n<p><label> Estatus legal en el pa\u00eds de Residencia<br \/>\n<span class=\"wpcf7-form-control-wrap\" data-name=\"pregunta-2\"><input size=\"40\" maxlength=\"400\" class=\"wpcf7-form-control wpcf7-text\" aria-invalid=\"false\" value=\"\" type=\"text\" name=\"pregunta-2\" \/><\/span> <\/label>\n<\/p>\n<p><label> Puede agregar sus documentos<br \/>\n<span class=\"wpcf7-form-control-wrap\" data-name=\"upload-archivos-1\"><input size=\"40\" class=\"wpcf7-form-control wpcf7-drag-n-drop-file d-none\" aria-invalid=\"false\" type=\"file\" multiple=\"multiple\" data-name=\"upload-archivos-1\" data-min=\"1\" data-max=\"10\" data-id=\"1260\" data-version=\"free version 1.3.7.5\" accept=\".\" \/><\/span> <\/label>\n<\/p>\n<p>Estoy interesad@ en:<br \/>\n<span class=\"wpcf7-form-control-wrap\" data-name=\"pregunta-3\"><span class=\"wpcf7-form-control wpcf7-checkbox\"><span class=\"wpcf7-list-item first\"><label><input type=\"checkbox\" name=\"pregunta-3[]\" value=\"Programas de estudio o de trabajo\" \/><span class=\"wpcf7-list-item-label\">Programas de estudio o de trabajo<\/span><\/label><\/span><span class=\"wpcf7-list-item\"><label><input type=\"checkbox\" name=\"pregunta-3[]\" value=\"Servicios migratorios\" \/><span class=\"wpcf7-list-item-label\">Servicios migratorios<\/span><\/label><\/span><span class=\"wpcf7-list-item\"><label><input type=\"checkbox\" name=\"pregunta-3[]\" value=\"Servicios estudiantiles(seguro m\u00e9dico, transporte, alojamiento, turismo)\" \/><span class=\"wpcf7-list-item-label\">Servicios estudiantiles(seguro m\u00e9dico, transporte, alojamiento, turismo)<\/span><\/label><\/span><span class=\"wpcf7-list-item last\"><label><input type=\"checkbox\" name=\"pregunta-3[]\" value=\"Asesor\u00edas migratorias\" \/><span class=\"wpcf7-list-item-label\">Asesor\u00edas migratorias<\/span><\/label><\/span><\/span><\/span>\n<\/p>\n<p><label> Otros servicios. Especificar<br \/>\n<span class=\"wpcf7-form-control-wrap\" data-name=\"pregunta-3-1\"><input size=\"40\" maxlength=\"400\" class=\"wpcf7-form-control wpcf7-text\" aria-invalid=\"false\" value=\"\" type=\"text\" name=\"pregunta-3-1\" \/><\/span> <\/label>\n<\/p>\n<p><label> \u00bfEn que provincia y ciudad de Canad\u00e1 le gustar\u00eda estudiar?<br \/>\n<span class=\"wpcf7-form-control-wrap\" data-name=\"pregunta-4\"><input size=\"40\" maxlength=\"400\" class=\"wpcf7-form-control wpcf7-text\" aria-invalid=\"false\" value=\"\" type=\"text\" name=\"pregunta-4\" \/><\/span> <\/label>\n<\/p>\n<p><label> En caso de estar interesado en ESTUDIOS en otro pa\u00eds, indicar cual pa\u00eds?<br \/>\n<span class=\"wpcf7-form-control-wrap\" data-name=\"pregunta-5\"><input size=\"40\" maxlength=\"400\" class=\"wpcf7-form-control wpcf7-text\" aria-invalid=\"false\" value=\"\" type=\"text\" name=\"pregunta-5\" \/><\/span> <\/label>\n<\/p>\n<p>\u00c1rea de inter\u00e9s de estudio:<br \/>\n<span class=\"wpcf7-form-control-wrap\" data-name=\"pregunta-6\"><span class=\"wpcf7-form-control wpcf7-checkbox\"><span class=\"wpcf7-list-item first\"><label><input type=\"checkbox\" name=\"pregunta-6[]\" value=\"Idiomas\" \/><span class=\"wpcf7-list-item-label\">Idiomas<\/span><\/label><\/span><span class=\"wpcf7-list-item\"><label><input type=\"checkbox\" name=\"pregunta-6[]\" value=\"Estudio y Trabajo\" \/><span class=\"wpcf7-list-item-label\">Estudio y Trabajo<\/span><\/label><\/span><span class=\"wpcf7-list-item\"><label><input type=\"checkbox\" name=\"pregunta-6[]\" value=\"Educaci\u00f3n superior (Licenciatura, Maestr\u00eda, Diplomado, etc)\" \/><span class=\"wpcf7-list-item-label\">Educaci\u00f3n superior (Licenciatura, Maestr\u00eda, Diplomado, etc)<\/span><\/label><\/span><span class=\"wpcf7-list-item last\"><label><input type=\"checkbox\" name=\"pregunta-6[]\" value=\"Programas que conduzcan hacia la residencia permanente\" \/><span class=\"wpcf7-list-item-label\">Programas que conduzcan hacia la residencia permanente<\/span><\/label><\/span><\/span><\/span>\n<\/p>\n<p><label> Otros: Especificar<br \/>\n<span class=\"wpcf7-form-control-wrap\" data-name=\"pregunta-6-1\"><input size=\"40\" maxlength=\"400\" class=\"wpcf7-form-control wpcf7-text\" aria-invalid=\"false\" value=\"\" type=\"text\" name=\"pregunta-6-1\" \/><\/span> <\/label>\n<\/p>\n<p><label> Si alguna de tus respuestas anteriores fue Estudio y trabajo\/ Educaci\u00f3n superior \/ Programas que conduzcan a la residencia permanente, por favor indicar tu \u00e1rea de inter\u00e9s del programa (ej: ingenier\u00eda, negocios internacionales, etc)<br \/>\n<span class=\"wpcf7-form-control-wrap\" data-name=\"pregunta-7\"><input size=\"40\" maxlength=\"400\" class=\"wpcf7-form-control wpcf7-text\" aria-invalid=\"false\" value=\"\" type=\"text\" name=\"pregunta-7\" \/><\/span> <\/label>\n<\/p>\n<p><label> \u00bfDe cu\u00e1nto tiempo desea que sea la duraci\u00f3n del programa?<br \/>\n<span class=\"wpcf7-form-control-wrap\" data-name=\"pregunta-8\"><input size=\"40\" maxlength=\"400\" class=\"wpcf7-form-control wpcf7-text\" aria-invalid=\"false\" value=\"\" type=\"text\" name=\"pregunta-8\" \/><\/span> <\/label>\n<\/p>\n<p><label> \u00bfCu\u00e1ndo desea comenzar? (indicar Mes y A\u00f1o)<br \/>\n<span class=\"wpcf7-form-control-wrap\" data-name=\"pregunta-9\"><input size=\"40\" maxlength=\"400\" class=\"wpcf7-form-control wpcf7-text\" aria-invalid=\"false\" value=\"\" type=\"text\" name=\"pregunta-9\" \/><\/span> <\/label>\n<\/p>\n<p>\u00bfCu\u00e1l es su \u00faltimo grado de estudios acad\u00e9mico completado 100%? (Certificado obtenido) y en que especializaci\u00f3n?<br \/>\n<span class=\"wpcf7-form-control-wrap\" data-name=\"pregunta-10\"><span class=\"wpcf7-form-control wpcf7-checkbox\"><span class=\"wpcf7-list-item first\"><label><input type=\"checkbox\" name=\"pregunta-10[]\" value=\"Preparatoria\/Bachillerato\/ High school\" \/><span class=\"wpcf7-list-item-label\">Preparatoria\/Bachillerato\/ High school<\/span><\/label><\/span><span class=\"wpcf7-list-item\"><label><input type=\"checkbox\" name=\"pregunta-10[]\" value=\"Licenciatura\/Ingenier\u00eda:  Especialidad\" \/><span class=\"wpcf7-list-item-label\">Licenciatura\/Ingenier\u00eda:  Especialidad<\/span><\/label><\/span><span class=\"wpcf7-list-item\"><label><input type=\"checkbox\" name=\"pregunta-10[]\" value=\"Maestr\u00eda: Especialidad\" \/><span class=\"wpcf7-list-item-label\">Maestr\u00eda: Especialidad<\/span><\/label><\/span><span class=\"wpcf7-list-item last\"><label><input type=\"checkbox\" name=\"pregunta-10[]\" value=\"Doctorado: Especialidad\" \/><span class=\"wpcf7-list-item-label\">Doctorado: Especialidad<\/span><\/label><\/span><\/span><\/span>\n<\/p>\n<p><label> Otro: Especificar campo de estudio \/ especialidad<br \/>\n<span class=\"wpcf7-form-control-wrap\" data-name=\"pregunta-10-1\"><input size=\"40\" maxlength=\"400\" class=\"wpcf7-form-control wpcf7-text\" aria-invalid=\"false\" value=\"\" type=\"text\" name=\"pregunta-10-1\" \/><\/span> <\/label>\n<\/p>\n<p>\u00bfCuenta con un: 1)certificado y 2)calificaciones que demuestran que concluy\u00f3 con sus \u00faltimos estudios por completo?<br \/>\n<span class=\"wpcf7-form-control-wrap\" data-name=\"pregunta-11\"><span class=\"wpcf7-form-control wpcf7-checkbox\"><span class=\"wpcf7-list-item first\"><label><input type=\"checkbox\" name=\"pregunta-11[]\" value=\"Si\" \/><span class=\"wpcf7-list-item-label\">Si<\/span><\/label><\/span><span class=\"wpcf7-list-item last\"><label><input type=\"checkbox\" name=\"pregunta-11[]\" value=\"No\" \/><span class=\"wpcf7-list-item-label\">No<\/span><\/label><\/span><\/span><\/span>\n<\/p>\n<p><label> \u00bfCuenta con alguna certificaci\u00f3n del idioma Ingl\u00e9s? (Indicar cu\u00e1l) ( IELTS, TOEFL, Cambridge, CELPIP, etc)<br \/>\n<span class=\"wpcf7-form-control-wrap\" data-name=\"pregunta-12\"><input size=\"40\" maxlength=\"400\" class=\"wpcf7-form-control wpcf7-text\" aria-invalid=\"false\" value=\"\" type=\"text\" name=\"pregunta-12\" \/><\/span> <\/label>\n<\/p>\n<p>\u00bfCu\u00e1l es su nivel de Ingl\u00e9s?<br \/>\n<span class=\"wpcf7-form-control-wrap\" data-name=\"pregunta-13\"><span class=\"wpcf7-form-control wpcf7-checkbox\"><span class=\"wpcf7-list-item first\"><label><input type=\"checkbox\" name=\"pregunta-13[]\" value=\"Avanzado\" \/><span class=\"wpcf7-list-item-label\">Avanzado<\/span><\/label><\/span><span class=\"wpcf7-list-item\"><label><input type=\"checkbox\" name=\"pregunta-13[]\" value=\"Intermedio\" \/><span class=\"wpcf7-list-item-label\">Intermedio<\/span><\/label><\/span><span class=\"wpcf7-list-item\"><label><input type=\"checkbox\" name=\"pregunta-13[]\" value=\"Principiante\" \/><span class=\"wpcf7-list-item-label\">Principiante<\/span><\/label><\/span><span class=\"wpcf7-list-item last\"><label><input type=\"checkbox\" name=\"pregunta-13[]\" value=\"No tengo conocimientos de ingl\u00e9s\" \/><span class=\"wpcf7-list-item-label\">No tengo conocimientos de ingl\u00e9s<\/span><\/label><\/span><\/span><\/span>\n<\/p>\n<p><label> \u00bfCuenta con alguna certificaci\u00f3n del idioma Franc\u00e9s? (Indicar cu\u00e1l)<br \/>\n<span class=\"wpcf7-form-control-wrap\" data-name=\"pregunta-14\"><input size=\"40\" maxlength=\"400\" class=\"wpcf7-form-control wpcf7-text\" aria-invalid=\"false\" value=\"\" type=\"text\" name=\"pregunta-14\" \/><\/span> <\/label>\n<\/p>\n<p>\u00bfCu\u00e1l es su nivel de Franc\u00e9s?<br \/>\n<span class=\"wpcf7-form-control-wrap\" data-name=\"pregunta-15\"><span class=\"wpcf7-form-control wpcf7-checkbox\"><span class=\"wpcf7-list-item first\"><label><input type=\"checkbox\" name=\"pregunta-15[]\" value=\"Avanzado\" \/><span class=\"wpcf7-list-item-label\">Avanzado<\/span><\/label><\/span><span class=\"wpcf7-list-item\"><label><input type=\"checkbox\" name=\"pregunta-15[]\" value=\"Intermedio\" \/><span class=\"wpcf7-list-item-label\">Intermedio<\/span><\/label><\/span><span class=\"wpcf7-list-item\"><label><input type=\"checkbox\" name=\"pregunta-15[]\" value=\"Principiante\" \/><span class=\"wpcf7-list-item-label\">Principiante<\/span><\/label><\/span><span class=\"wpcf7-list-item last\"><label><input type=\"checkbox\" name=\"pregunta-15[]\" value=\"No tengo conocimientos de franc\u00e9s\" \/><span class=\"wpcf7-list-item-label\">No tengo conocimientos de franc\u00e9s<\/span><\/label><\/span><\/span><\/span>\n<\/p>\n<p>\u00bfTiene contemplado viajar a Canad\u00e1 con dependientes ( espos@\/ pareja e hijos)?<br \/>\n<span class=\"wpcf7-form-control-wrap\" data-name=\"pregunta-16\"><span class=\"wpcf7-form-control wpcf7-checkbox\"><span class=\"wpcf7-list-item first\"><label><input type=\"checkbox\" name=\"pregunta-16[]\" value=\"Si\" \/><span class=\"wpcf7-list-item-label\">Si<\/span><\/label><\/span><span class=\"wpcf7-list-item last\"><label><input type=\"checkbox\" name=\"pregunta-16[]\" value=\"No\" \/><span class=\"wpcf7-list-item-label\">No<\/span><\/label><\/span><\/span><\/span>\n<\/p>\n<p><label> Si la respuesta es afirmativa proporcionar detalles y edades de sus hijos<br \/>\n<span class=\"wpcf7-form-control-wrap\" data-name=\"pregunta-17\"><textarea cols=\"40\" rows=\"10\" maxlength=\"2000\" class=\"wpcf7-form-control wpcf7-textarea\" aria-invalid=\"false\" name=\"pregunta-17\"><\/textarea><\/span> <\/label>\n<\/p>\n<p><label> Mencione el Nombre del asesor que le contacto o que le est\u00e1 dando seguimiento<br \/>\n<span class=\"wpcf7-form-control-wrap\" data-name=\"pregunta-18\"><input size=\"40\" maxlength=\"400\" class=\"wpcf7-form-control wpcf7-text\" aria-invalid=\"false\" value=\"\" type=\"text\" name=\"pregunta-18\" \/><\/span> <\/label>\n<\/p>\n<p><label> \u00bfPor cual medio se enter\u00f3 de nuestros servicios?. Especificar: Facebook, Instagram, Linkedin, Website, Cliente, Amigo, otra Agencia, o Fuente.<br \/>\n<span class=\"wpcf7-form-control-wrap\" data-name=\"pregunta-19\"><input size=\"40\" maxlength=\"400\" class=\"wpcf7-form-control wpcf7-text\" aria-invalid=\"false\" value=\"\" type=\"text\" name=\"pregunta-19\" \/><\/span> <\/label>\n<\/p>\n<p><label> Gracias por su inter\u00e9s en nuestros servicios. Nuestros especialistas en EDUCACI\u00d3N e INMIGRACI\u00d3N le dar\u00e1n seguimiento a su solicitud. Le invitamos a seguirnos en las redes sociales para enterarse de promociones y noticias relevantes de inmigraci\u00f3n y educaci\u00f3n. <\/label>\n<\/p>\n<p><input class=\"wpcf7-form-control wpcf7-submit has-spinner\" type=\"submit\" value=\"Enviar\" \/>\n<\/p><div class=\"wpcf7-response-output\" aria-hidden=\"true\"><\/div>\n<\/form>\n<\/div>\n<\/p>\t\t\t\t\t\t\t\t<\/div>\n\t\t\t\t<\/div>\n\t\t\t\t<div class=\"elementor-element elementor-element-0ac7a51 elementor-widget elementor-widget-html\" data-id=\"0ac7a51\" data-element_type=\"widget\" data-widget_type=\"html.default\">\n\t\t\t\t<div class=\"elementor-widget-container\">\n\t\t\t\t\t<script>\r\ndocument.addEventListener( 'wpcf7mailsent', function( event ) {\r\n    location = 'https:\/\/immigrationandeducation.com\/gracias-contacto\/';\r\n}, false );\r\n<\/script>\t\t\t\t<\/div>\n\t\t\t\t<\/div>\n\t\t\t\t\t<\/div>\n\t\t<\/div>\n\t\t\t\t\t<\/div>\n\t\t<\/section>\n\t\t\t\t<\/div>\n\t\t","protected":false},"excerpt":{"rendered":"<p>Asesor\u00eda gratuita para exploraci\u00f3n de programas y destinos educativos; registro y admisi\u00f3n en escuelas. Esta asesor\u00eda se ofrece sin costo, siempre y cuando se haga el registro a trav\u00e9s de la agencia \u201cExplore I.D.E.A.S. Immigration and Education Corp&#8221;.<\/p>\n","protected":false},"author":1,"featured_media":0,"parent":0,"menu_order":0,"comment_status":"closed","ping_status":"closed","template":"elementor_theme","meta":{"site-sidebar-layout":"no-sidebar","site-content-layout":"plain-container","ast-site-content-layout":"","site-content-style":"default","site-sidebar-style":"default","ast-global-header-display":"","ast-banner-title-visibility":"","ast-main-header-display":"","ast-hfb-above-header-display":"","ast-hfb-below-header-display":"","ast-hfb-mobile-header-display":"","site-post-title":"disabled","ast-breadcrumbs-content":"","ast-featured-img":"disabled","footer-sml-layout":"","theme-transparent-header-meta":"default","adv-header-id-meta":"","stick-header-meta":"","header-above-stick-meta":"","header-main-stick-meta":"","header-below-stick-meta":"","astra-migrate-meta-layouts":"","ast-page-background-enabled":"default","ast-page-background-meta":{"desktop":{"background-color":"","background-image":"","background-repeat":"repeat","background-position":"center center","background-size":"auto","background-attachment":"scroll","background-type":"","background-media":"","overlay-type":"","overlay-color":"","overlay-gradient":""},"tablet":{"background-color":"","background-image":"","background-repeat":"repeat","background-position":"center center","background-size":"auto","background-attachment":"scroll","background-type":"","background-media":"","overlay-type":"","overlay-color":"","overlay-gradient":""},"mobile":{"background-color":"","background-image":"","background-repeat":"repeat","background-position":"center center","background-size":"auto","background-attachment":"scroll","background-type":"","background-media":"","overlay-type":"","overlay-color":"","overlay-gradient":""}},"ast-content-background-meta":{"desktop":{"background-color":"var(--ast-global-color-5)","background-image":"","background-repeat":"repeat","background-position":"center center","background-size":"auto","background-attachment":"scroll","background-type":"","background-media":"","overlay-type":"","overlay-color":"","overlay-gradient":""},"tablet":{"background-color":"var(--ast-global-color-5)","background-image":"","background-repeat":"repeat","background-position":"center center","background-size":"auto","background-attachment":"scroll","background-type":"","background-media":"","overlay-type":"","overlay-color":"","overlay-gradient":""},"mobile":{"background-color":"var(--ast-global-color-5)","background-image":"","background-repeat":"repeat","background-position":"center center","background-size":"auto","background-attachment":"scroll","background-type":"","background-media":"","overlay-type":"","overlay-color":"","overlay-gradient":""}},"footnotes":""},"class_list":["post-1233","page","type-page","status-publish","hentry"],"_links":{"self":[{"href":"https:\/\/asesorias.immigrationandeducation.com\/en\/wp-json\/wp\/v2\/pages\/1233","targetHints":{"allow":["GET"]}}],"collection":[{"href":"https:\/\/asesorias.immigrationandeducation.com\/en\/wp-json\/wp\/v2\/pages"}],"about":[{"href":"https:\/\/asesorias.immigrationandeducation.com\/en\/wp-json\/wp\/v2\/types\/page"}],"author":[{"embeddable":true,"href":"https:\/\/asesorias.immigrationandeducation.com\/en\/wp-json\/wp\/v2\/users\/1"}],"replies":[{"embeddable":true,"href":"https:\/\/asesorias.immigrationandeducation.com\/en\/wp-json\/wp\/v2\/comments?post=1233"}],"version-history":[{"count":30,"href":"https:\/\/asesorias.immigrationandeducation.com\/en\/wp-json\/wp\/v2\/pages\/1233\/revisions"}],"predecessor-version":[{"id":2076,"href":"https:\/\/asesorias.immigrationandeducation.com\/en\/wp-json\/wp\/v2\/pages\/1233\/revisions\/2076"}],"wp:attachment":[{"href":"https:\/\/asesorias.immigrationandeducation.com\/en\/wp-json\/wp\/v2\/media?parent=1233"}],"curies":[{"name":"wp","href":"https:\/\/api.w.org\/{rel}","templated":true}]}}