{"id":2055,"date":"2025-01-01T09:34:00","date_gmt":"2025-01-01T17:34:00","guid":{"rendered":"https:\/\/asesorias.immigrationandeducation.com\/?page_id=2055"},"modified":"2025-01-01T11:47:17","modified_gmt":"2025-01-01T19:47:17","slug":"contactanos","status":"publish","type":"page","link":"https:\/\/asesorias.immigrationandeducation.com\/en\/contactanos\/","title":{"rendered":"Cont\u00e1ctanos"},"content":{"rendered":"<div data-elementor-type=\"wp-page\" data-elementor-id=\"2055\" class=\"elementor elementor-2055\" data-elementor-post-type=\"page\">\n\t\t\t\t\t\t<section class=\"elementor-section elementor-top-section elementor-element elementor-element-5dc79e6 elementor-section-boxed elementor-section-height-default elementor-section-height-default\" data-id=\"5dc79e6\" data-element_type=\"section\">\n\t\t\t\t\t\t<div class=\"elementor-container elementor-column-gap-default\">\n\t\t\t\t\t<div class=\"elementor-column elementor-col-100 elementor-top-column elementor-element elementor-element-bb27c38\" data-id=\"bb27c38\" data-element_type=\"column\">\n\t\t\t<div class=\"elementor-widget-wrap elementor-element-populated\">\n\t\t\t\t\t\t<div class=\"elementor-element elementor-element-8904ba5 elementor-widget elementor-widget-heading\" data-id=\"8904ba5\" data-element_type=\"widget\" data-widget_type=\"heading.default\">\n\t\t\t\t<div class=\"elementor-widget-container\">\n\t\t\t\t\t<h2 class=\"elementor-heading-title elementor-size-default\">\u00a1Te acompa\u00f1amos para convertir tus sue\u00f1os en realidad!<\/h2>\t\t\t\t<\/div>\n\t\t\t\t<\/div>\n\t\t\t\t<div class=\"elementor-element elementor-element-cfd402e elementor-widget elementor-widget-text-editor\" data-id=\"cfd402e\" data-element_type=\"widget\" data-widget_type=\"text-editor.default\">\n\t\t\t\t<div class=\"elementor-widget-container\">\n\t\t\t\t\t\t\t\t\t<p>Comp\u00e1rtenos tu informaci\u00f3n para entender mejor tus necesidades y brindarte el apoyo que necesitas.<\/p><p>Al recibir tu informaci\u00f3n, te contactaremos lo antes posible. <br \/>Tu informaci\u00f3n ser\u00e1 tratada con la m\u00e1s estricta privacidad y confidencialidad.<\/p>\t\t\t\t\t\t\t\t<\/div>\n\t\t\t\t<\/div>\n\t\t\t\t<div class=\"elementor-element elementor-element-abc0475 elementor-widget elementor-widget-heading\" data-id=\"abc0475\" data-element_type=\"widget\" data-widget_type=\"heading.default\">\n\t\t\t\t<div class=\"elementor-widget-container\">\n\t\t\t\t\t<h2 class=\"elementor-heading-title elementor-size-default\">Solicitud de contacto<\/h2>\t\t\t\t<\/div>\n\t\t\t\t<\/div>\n\t\t\t\t<div class=\"elementor-element elementor-element-508eaf6 elementor-widget elementor-widget-text-editor\" data-id=\"508eaf6\" data-element_type=\"widget\" data-widget_type=\"text-editor.default\">\n\t\t\t\t<div class=\"elementor-widget-container\">\n\t\t\t\t\t\t\t\t\t<p>\n<div class=\"wpcf7 no-js\" id=\"wpcf7-f2054-o1\" lang=\"es-ES\" dir=\"ltr\" data-wpcf7-id=\"2054\">\n<div class=\"screen-reader-response\"><p role=\"status\" aria-live=\"polite\" aria-atomic=\"true\"><\/p> <ul><\/ul><\/div>\n<form action=\"\/en\/wp-json\/wp\/v2\/pages\/2055#wpcf7-f2054-o1\" method=\"post\" class=\"wpcf7-form init\" aria-label=\"Formulario de contacto\" novalidate=\"novalidate\" data-status=\"init\" data-trp-original-action=\"\/en\/wp-json\/wp\/v2\/pages\/2055#wpcf7-f2054-o1\">\n<fieldset class=\"hidden-fields-container\"><input type=\"hidden\" name=\"_wpcf7\" value=\"2054\" \/><input type=\"hidden\" name=\"_wpcf7_version\" value=\"6.1.5\" \/><input type=\"hidden\" name=\"_wpcf7_locale\" value=\"es_ES\" \/><input type=\"hidden\" name=\"_wpcf7_unit_tag\" value=\"wpcf7-f2054-o1\" \/><input type=\"hidden\" name=\"_wpcf7_container_post\" value=\"0\" \/><input type=\"hidden\" name=\"_wpcf7_posted_data_hash\" value=\"\" \/>\n<\/fieldset>\n<h4>Datos personales:\n<\/h4>\n<p><label> Nombre Completo<br \/>\n<span class=\"wpcf7-form-control-wrap\" data-name=\"full-name\"><input size=\"40\" maxlength=\"400\" class=\"wpcf7-form-control wpcf7-text wpcf7-validates-as-required\" aria-required=\"true\" aria-invalid=\"false\" value=\"\" type=\"text\" name=\"full-name\" \/><\/span> <\/label>\n<\/p>\n<p><label> Edad actual<br \/>\n<span class=\"wpcf7-form-control-wrap\" data-name=\"age\"><input class=\"wpcf7-form-control wpcf7-number wpcf7-validates-as-required wpcf7-validates-as-number\" aria-required=\"true\" aria-invalid=\"false\" value=\"\" type=\"number\" name=\"age\" \/><\/span> <\/label>\n<\/p>\n<p><label> Nacionalidad<br \/>\n<span class=\"wpcf7-form-control-wrap\" data-name=\"nationality\"><input size=\"40\" maxlength=\"400\" class=\"wpcf7-form-control wpcf7-text wpcf7-validates-as-required\" aria-required=\"true\" aria-invalid=\"false\" value=\"\" type=\"text\" name=\"nationality\" \/><\/span> <\/label>\n<\/p>\n<p><label> Correo Electr\u00f3nico<br \/>\n<span class=\"wpcf7-form-control-wrap\" data-name=\"email\"><input size=\"40\" maxlength=\"400\" class=\"wpcf7-form-control wpcf7-email wpcf7-validates-as-required wpcf7-text wpcf7-validates-as-email\" aria-required=\"true\" aria-invalid=\"false\" value=\"\" type=\"email\" name=\"email\" \/><\/span> <\/label>\n<\/p>\n<p><label> N\u00famero de Tel\u00e9fono celular<br \/>\n<span class=\"wpcf7-form-control-wrap\" data-name=\"phone\"><input size=\"40\" maxlength=\"400\" class=\"wpcf7-form-control wpcf7-tel wpcf7-validates-as-required wpcf7-text wpcf7-validates-as-tel\" aria-required=\"true\" aria-invalid=\"false\" value=\"\" type=\"tel\" name=\"phone\" \/><\/span> <\/label>\n<\/p>\n<p><label> Pa\u00eds de Residencia Actual<br \/>\n<span class=\"wpcf7-form-control-wrap\" data-name=\"current-residence\"><input size=\"40\" maxlength=\"400\" class=\"wpcf7-form-control wpcf7-text wpcf7-validates-as-required\" aria-required=\"true\" aria-invalid=\"false\" value=\"\" type=\"text\" name=\"current-residence\" \/><\/span> <\/label>\n<\/p>\n<h4>\u00bfC\u00f3mo podemos asistirte?\n<\/h4>\n<p>Entre mayor y m\u00e1s espec\u00edfica sea la informaci\u00f3n que proporcionas de lo que necesitas, mejor podremos canalizarte y ofrecerte el apoyo que requieres.\n<\/p>\n<p><label style=\"color: #518D57; font-weight: bold\"><br \/>\n<span class=\"wpcf7-form-control-wrap\" data-name=\"study-programs\"><span class=\"wpcf7-form-control wpcf7-checkbox\"><span class=\"wpcf7-list-item first last\"><label><input type=\"checkbox\" name=\"study-programs[]\" value=\"Programas de Estudio\" \/><span class=\"wpcf7-list-item-label\">Programas de Estudio<\/span><\/label><\/span><\/span><\/span><br \/>\n<\/label>\n<\/p>\n<p style=\"font-size: 0.85rem; margin-top: -75px; margin-left: 46px;\"><br \/>\n<span style=\"font-weight: bold;\">Proporciona<\/span> informaci\u00f3n adicional para orientaci\u00f3n sobre programas educativos, Pa\u00eds, ciudad, nivel y campo del programa de estudios, fecha estimada en la que deseas estudiar, nivel del idioma, etc.\n<\/p>\n<div id=\"study-program-details\">\n\t<p><span class=\"wpcf7-form-control-wrap\" data-name=\"study-program-details\"><textarea cols=\"40\" rows=\"10\" maxlength=\"2000\" class=\"wpcf7-form-control wpcf7-textarea wpcf7-validates-as-required\" aria-required=\"true\" aria-invalid=\"false\" name=\"study-program-details\"><\/textarea><\/span>\n\t<\/p>\n<\/div>\n<p><label style=\"color: #518D57; font-weight: bold\"><br \/>\n<span class=\"wpcf7-form-control-wrap\" data-name=\"immigration-services\"><span class=\"wpcf7-form-control wpcf7-checkbox\"><span class=\"wpcf7-list-item first last\"><label><input type=\"checkbox\" name=\"immigration-services[]\" value=\"Servicios Migratorios\" \/><span class=\"wpcf7-list-item-label\">Servicios Migratorios<\/span><\/label><\/span><\/span><\/span><br \/>\n<\/label>\n<\/p>\n<p style=\"font-size: 0.85rem; margin-top: -75px; margin-left: 46px;\"><br \/>\n<span style=\"font-weight: bold;\">Proporciona<\/span> informaci\u00f3n adicional para servicios migratorios. Residencia temporal, permanente, visas de turismo, permisos de estudios, trabajo, patrocinios familiares, inversi\u00f3n, etc.\n<\/p>\n<div id=\"immigration-services-details\">\n\t<p><span class=\"wpcf7-form-control-wrap\" data-name=\"immigration-services-details\"><textarea cols=\"40\" rows=\"10\" maxlength=\"2000\" class=\"wpcf7-form-control wpcf7-textarea wpcf7-validates-as-required\" aria-required=\"true\" aria-invalid=\"false\" name=\"immigration-services-details\"><\/textarea><\/span>\n\t<\/p>\n<\/div>\n<p><label style=\"color: #518D57; font-weight: bold\"><br \/>\n<span class=\"wpcf7-form-control-wrap\" data-name=\"accommodation-services\"><span class=\"wpcf7-form-control wpcf7-checkbox\"><span class=\"wpcf7-list-item first last\"><label><input type=\"checkbox\" name=\"accommodation-services[]\" value=\"Servicios de Alojamiento\" \/><span class=\"wpcf7-list-item-label\">Servicios de Alojamiento<\/span><\/label><\/span><\/span><\/span><br \/>\n<\/label>\n<\/p>\n<p style=\"font-size: 0.85rem; margin-top: -75px; margin-left: 46px;\"><br \/>\n<span style=\"font-weight: bold;\">Proporciona<\/span> informaci\u00f3n adicional para opciones de alojamiento. Pa\u00eds, ciudad, tipo de alojamiento, para cuantas personas, fechas de llegada, duraci\u00f3n que requieres para el alojamiento, etc.\n<\/p>\n<div id=\"accommodation-services-details\">\n\t<p><span class=\"wpcf7-form-control-wrap\" data-name=\"accommodation-services-details\"><textarea cols=\"40\" rows=\"10\" maxlength=\"2000\" class=\"wpcf7-form-control wpcf7-textarea wpcf7-validates-as-required\" aria-required=\"true\" aria-invalid=\"false\" name=\"accommodation-services-details\"><\/textarea><\/span>\n\t<\/p>\n<\/div>\n<p><label style=\"color: #518D57; font-weight: bold\"><br \/>\n<span class=\"wpcf7-form-control-wrap\" data-name=\"additional-services\"><span class=\"wpcf7-form-control wpcf7-checkbox\"><span class=\"wpcf7-list-item first last\"><label><input type=\"checkbox\" name=\"additional-services[]\" value=\"Servicios Adicionales\" \/><span class=\"wpcf7-list-item-label\">Servicios Adicionales<\/span><\/label><\/span><\/span><\/span><br \/>\n<\/label>\n<\/p>\n<p style=\"font-size: 0.85rem; margin-top: -75px; margin-left: 46px;\"><br \/>\n<span style=\"font-weight: bold;\">Proporciona<\/span> informaci\u00f3n adicional si tu inter\u00e9s es en otros servicios (seguro m\u00e9dico, traducciones, turismo, transporte, otros, etc.)\n<\/p>\n<div id=\"additional-services-details\">\n\t<p><span class=\"wpcf7-form-control-wrap\" data-name=\"additional-services-details\"><textarea cols=\"40\" rows=\"10\" maxlength=\"2000\" class=\"wpcf7-form-control wpcf7-textarea wpcf7-validates-as-required\" aria-required=\"true\" aria-invalid=\"false\" name=\"additional-services-details\"><\/textarea><\/span>\n\t<\/p>\n<\/div>\n<p><label><br \/>\n<strong>\u00bfNo encuentras lo que buscas? \u00bfHay alg\u00fan otro servicio en el que est\u00e9s interesado?<\/strong><br \/>\n<span class=\"wpcf7-form-control-wrap\" data-name=\"other-services\"><input size=\"40\" maxlength=\"400\" class=\"wpcf7-form-control wpcf7-text\" aria-invalid=\"false\" value=\"\" type=\"text\" name=\"other-services\" \/><\/span><br \/>\n<\/label>\n<\/p>\n<p><label><br \/>\n<strong>\u00bfTienes informaci\u00f3n adicional que quieras compartir?<\/strong><br \/>\n<span class=\"wpcf7-form-control-wrap\" data-name=\"additional-info-details\"><textarea cols=\"40\" rows=\"10\" maxlength=\"2000\" class=\"wpcf7-form-control wpcf7-textarea\" aria-invalid=\"false\" name=\"additional-info-details\"><\/textarea><\/span><br \/>\n<\/label>\n<\/p>\n<p><label><br \/>\n<strong>\u00bfYa tienes un asesor que te ha contactado o te est\u00e1 dando seguimiento?<\/strong><br \/>\nQueremos asegurarnos de que recibas el mejor apoyo. Si ya est\u00e1s trabajando con alguien, nos gustar\u00eda saberlo para coordinar mejor nuestro servicio.<br \/>\n<\/label>\n<\/p>\n<p><span class=\"wpcf7-form-control-wrap\" data-name=\"advisor-contacted\"><span class=\"wpcf7-form-control wpcf7-radio\"><span class=\"wpcf7-list-item first\"><label><input type=\"radio\" name=\"advisor-contacted\" value=\"No\" \/><span class=\"wpcf7-list-item-label\">No<\/span><\/label><\/span><span class=\"wpcf7-list-item last\"><label><input type=\"radio\" name=\"advisor-contacted\" value=\"S\u00ed\" \/><span class=\"wpcf7-list-item-label\">S\u00ed<\/span><\/label><\/span><\/span><\/span>\n<\/p>\n<div id=\"advisor-name-container\" style=\"display:none;\">\n\t<p><label><br \/>\n<strong>Deja su nombre en el espacio a continuaci\u00f3n*<\/strong><br \/>\n<span class=\"wpcf7-form-control-wrap\" data-name=\"advisor-name\"><input size=\"40\" maxlength=\"400\" class=\"wpcf7-form-control wpcf7-text wpcf7-validates-as-required\" aria-required=\"true\" aria-invalid=\"false\" value=\"\" type=\"text\" name=\"advisor-name\" \/><\/span><br \/>\n<\/label>\n\t<\/p>\n<\/div>\n<p><label><br \/>\n<strong>\u00bfC\u00f3mo te enteraste de nuestros servicios?<\/strong><br \/>\n\u00a1Queremos saber c\u00f3mo llegaste a nosotros para seguir mejorando!<br \/>\n<\/label>\n<\/p>\n<p><span class=\"wpcf7-form-control-wrap\" data-name=\"how-did-you-hear\"><span class=\"wpcf7-form-control wpcf7-checkbox\"><span class=\"wpcf7-list-item first\"><label><input type=\"checkbox\" name=\"how-did-you-hear[]\" value=\"Facebook\" \/><span class=\"wpcf7-list-item-label\">Facebook<\/span><\/label><\/span><span class=\"wpcf7-list-item\"><label><input type=\"checkbox\" name=\"how-did-you-hear[]\" value=\"Instagram\" \/><span class=\"wpcf7-list-item-label\">Instagram<\/span><\/label><\/span><span class=\"wpcf7-list-item\"><label><input type=\"checkbox\" name=\"how-did-you-hear[]\" value=\"LinkedIn\" \/><span class=\"wpcf7-list-item-label\">LinkedIn<\/span><\/label><\/span><span class=\"wpcf7-list-item\"><label><input type=\"checkbox\" name=\"how-did-you-hear[]\" value=\"Website\" \/><span class=\"wpcf7-list-item-label\">Website<\/span><\/label><\/span><span class=\"wpcf7-list-item\"><label><input type=\"checkbox\" name=\"how-did-you-hear[]\" value=\"Cliente\" \/><span class=\"wpcf7-list-item-label\">Cliente<\/span><\/label><\/span><span class=\"wpcf7-list-item\"><label><input type=\"checkbox\" name=\"how-did-you-hear[]\" value=\"Asesor\" \/><span class=\"wpcf7-list-item-label\">Asesor<\/span><\/label><\/span><span class=\"wpcf7-list-item\"><label><input type=\"checkbox\" name=\"how-did-you-hear[]\" value=\"Amigo\" \/><span class=\"wpcf7-list-item-label\">Amigo<\/span><\/label><\/span><span class=\"wpcf7-list-item\"><label><input type=\"checkbox\" name=\"how-did-you-hear[]\" value=\"Otra Agencia\" \/><span class=\"wpcf7-list-item-label\">Otra Agencia<\/span><\/label><\/span><span class=\"wpcf7-list-item last\"><label><input type=\"checkbox\" name=\"how-did-you-hear[]\" value=\"Otra Fuente (especificar)\" \/><span class=\"wpcf7-list-item-label\">Otra Fuente (especificar)<\/span><\/label><\/span><\/span><\/span>\n<\/p>\n<div id=\"other-source-container\" style=\"display:none;\">\n\t<p><label><br \/>\n<strong>Especifica otra fuente*<\/strong><br \/>\n<span class=\"wpcf7-form-control-wrap\" data-name=\"other-source\"><input size=\"40\" maxlength=\"400\" class=\"wpcf7-form-control wpcf7-text\" aria-invalid=\"false\" value=\"\" type=\"text\" name=\"other-source\" \/><\/span><br \/>\n<\/label>\n\t<\/p>\n<\/div>\n<p><input class=\"wpcf7-form-control wpcf7-submit has-spinner\" type=\"submit\" value=\"SEND\" \/>\n<\/p><div class=\"wpcf7-response-output\" aria-hidden=\"true\"><\/div>\n<input type=\"hidden\" name=\"trp-form-language\" value=\"en\"\/><\/form>\n<\/div>\n<\/p>\t\t\t\t\t\t\t\t<\/div>\n\t\t\t\t<\/div>\n\t\t\t\t<div class=\"elementor-element elementor-element-0ac7a51 elementor-widget elementor-widget-html\" data-id=\"0ac7a51\" data-element_type=\"widget\" data-widget_type=\"html.default\">\n\t\t\t\t<div class=\"elementor-widget-container\">\n\t\t\t\t\t<script>\r\ndocument.addEventListener( 'wpcf7mailsent', function( event ) {\r\n    location = 'https:\/\/immigrationandeducation.com\/gracias-contacto\/';\r\n}, false );\r\n<\/script>\r\n\r\n<script>\r\n    document.addEventListener('DOMContentLoaded', function() {\r\n        function toggleElementBasedOnCheckbox(checkboxSelector, elementId) {\r\n            const checkbox = document.querySelector(checkboxSelector);\r\n            const element = document.getElementById(elementId);\r\n            element.style.display = 'none';\r\n            checkbox.addEventListener('change', function() {\r\n                element.style.display = checkbox.checked ? 'block' : 'none';\r\n            });\r\n        }\r\n\r\n        function toggleElementBasedOnRadio(radioSelector, elementId, valueToCheck) {\r\n            const radioButtons = document.querySelectorAll(radioSelector);\r\n            const element = document.getElementById(elementId);\r\n            radioButtons.forEach(button => {\r\n                button.addEventListener('change', function() {\r\n                    const isChecked = document.querySelector(radioSelector + ':checked');\r\n                    element.style.display = isChecked && isChecked.value === valueToCheck ? 'block' : 'none';\r\n                });\r\n            });\r\n        }\r\n\r\n        function toggleOtherSourceCheckbox(checkboxSelector, elementId, valueToCheck) {\r\n            const checkboxes = document.querySelectorAll(checkboxSelector);\r\n            const element = document.getElementById(elementId);\r\n            checkboxes.forEach(checkbox => {\r\n                checkbox.addEventListener('change', function() {\r\n                    const selectedCheckboxes = document.querySelectorAll(checkboxSelector + ':checked');\r\n                    const isOtherSourceSelected = Array.from(selectedCheckboxes).some(checkbox => checkbox.value === valueToCheck);\r\n                    element.style.display = isOtherSourceSelected ? 'block' : 'none';\r\n                });\r\n            });\r\n        }\r\n\r\n        toggleElementBasedOnCheckbox('[name=\"study-programs[]\"]', 'study-program-details');\r\n        toggleElementBasedOnCheckbox('[name=\"immigration-services[]\"]', 'immigration-services-details');\r\n        toggleElementBasedOnCheckbox('[name=\"accommodation-services[]\"]', 'accommodation-services-details');\r\n        toggleElementBasedOnCheckbox('[name=\"additional-services[]\"]', 'additional-services-details');\r\n        \r\n        toggleElementBasedOnRadio('[name=\"advisor-contacted\"]', 'advisor-name-container', 'S\u00ed');\r\n        \r\n        toggleOtherSourceCheckbox('[name=\"how-did-you-hear[]\"]', 'other-source-container', 'Otra Fuente (especificar)');\r\n    });\r\n<\/script>\r\n\t\t\t\t<\/div>\n\t\t\t\t<\/div>\n\t\t\t\t\t<\/div>\n\t\t<\/div>\n\t\t\t\t\t<\/div>\n\t\t<\/section>\n\t\t\t\t<section class=\"elementor-section elementor-top-section elementor-element elementor-element-0a84af0 elementor-section-boxed elementor-section-height-default elementor-section-height-default\" data-id=\"0a84af0\" data-element_type=\"section\">\n\t\t\t\t\t\t<div class=\"elementor-container elementor-column-gap-default\">\n\t\t\t\t\t<div class=\"elementor-column elementor-col-100 elementor-top-column elementor-element elementor-element-ea9a7c5\" data-id=\"ea9a7c5\" data-element_type=\"column\">\n\t\t\t<div class=\"elementor-widget-wrap elementor-element-populated\">\n\t\t\t\t\t\t<div class=\"elementor-element elementor-element-46966c2 elementor-widget elementor-widget-heading\" data-id=\"46966c2\" data-element_type=\"widget\" data-widget_type=\"heading.default\">\n\t\t\t\t<div class=\"elementor-widget-container\">\n\t\t\t\t\t<h2 class=\"elementor-heading-title elementor-size-default\">\u00a1Te acompa\u00f1amos para convertir tus sue\u00f1os en realidad!<\/h2>\t\t\t\t<\/div>\n\t\t\t\t<\/div>\n\t\t\t\t<div class=\"elementor-element elementor-element-717eff2 elementor-widget elementor-widget-text-editor\" data-id=\"717eff2\" data-element_type=\"widget\" data-widget_type=\"text-editor.default\">\n\t\t\t\t<div class=\"elementor-widget-container\">\n\t\t\t\t\t\t\t\t\t<p>Al recibir tu informaci\u00f3n, te contactaremos lo antes posible.<\/p><p><br \/>Nuestros expertos en EDUCACI\u00d3N e INMIGRACI\u00d3N, en colaboraci\u00f3n con nuestros PROVEEDORES DE SERVICIOS, revisar\u00e1n tu solicitud y te ofrecer\u00e1n el mejor asesoramiento. Estamos aqu\u00ed para hacer realidad tus sue\u00f1os y acompa\u00f1arte en cada paso de tu aventura.<\/p>\t\t\t\t\t\t\t\t<\/div>\n\t\t\t\t<\/div>\n\t\t\t\t<div class=\"elementor-element elementor-element-a2eb87d elementor-hidden-desktop elementor-hidden-tablet elementor-hidden-mobile elementor-widget-divider--view-line elementor-widget elementor-widget-divider\" data-id=\"a2eb87d\" data-element_type=\"widget\" data-widget_type=\"divider.default\">\n\t\t\t\t<div class=\"elementor-widget-container\">\n\t\t\t\t\t\t\t<div class=\"elementor-divider\">\n\t\t\t<span class=\"elementor-divider-separator\">\n\t\t\t\t\t\t<\/span>\n\t\t<\/div>\n\t\t\t\t\t\t<\/div>\n\t\t\t\t<\/div>\n\t\t\t\t<div class=\"elementor-element elementor-element-7b94271 elementor-hidden-desktop elementor-hidden-tablet elementor-hidden-mobile elementor-widget elementor-widget-heading\" data-id=\"7b94271\" data-element_type=\"widget\" data-widget_type=\"heading.default\">\n\t\t\t\t<div class=\"elementor-widget-container\">\n\t\t\t\t\t<h2 class=\"elementor-heading-title elementor-size-default\">\u00a1S\u00edguenos  en nuestras redes sociales y mantente al tanto de todo lo que tenemos para ti!<\/h2>\t\t\t\t<\/div>\n\t\t\t\t<\/div>\n\t\t\t\t\t<\/div>\n\t\t<\/div>\n\t\t\t\t\t<\/div>\n\t\t<\/section>\n\t\t\t\t<\/div>","protected":false},"excerpt":{"rendered":"<p>\u00a1Te acompa\u00f1amos para convertir tus sue\u00f1os en realidad! Comp\u00e1rtenos tu informaci\u00f3n para entender mejor tus necesidades y brindarte el apoyo que necesitas. Al recibir tu informaci\u00f3n, te contactaremos lo antes posible. Tu informaci\u00f3n ser\u00e1 tratada con la m\u00e1s estricta privacidad y confidencialidad. Solicitud de contacto \u00a1Te acompa\u00f1amos para convertir tus sue\u00f1os en realidad! Al recibir &hellip;<\/p>\n<p class=\"read-more\"> <a class=\"\" href=\"https:\/\/asesorias.immigrationandeducation.com\/en\/contactanos\/\"> <span class=\"screen-reader-text\">Cont\u00e1ctanos<\/span> Read More &raquo;<\/a><\/p>","protected":false},"author":2,"featured_media":0,"parent":0,"menu_order":0,"comment_status":"closed","ping_status":"closed","template":"","meta":{"site-sidebar-layout":"no-sidebar","site-content-layout":"plain-container","ast-site-content-layout":"normal-width-container","site-content-style":"unboxed","site-sidebar-style":"unboxed","ast-global-header-display":"","ast-banner-title-visibility":"","ast-main-header-display":"","ast-hfb-above-header-display":"","ast-hfb-below-header-display":"","ast-hfb-mobile-header-display":"","site-post-title":"disabled","ast-breadcrumbs-content":"","ast-featured-img":"disabled","footer-sml-layout":"","theme-transparent-header-meta":"default","adv-header-id-meta":"","stick-header-meta":"","header-above-stick-meta":"","header-main-stick-meta":"","header-below-stick-meta":"","astra-migrate-meta-layouts":"set","ast-page-background-enabled":"default","ast-page-background-meta":{"desktop":{"background-color":"","background-image":"","background-repeat":"repeat","background-position":"center center","background-size":"auto","background-attachment":"scroll","background-type":"","background-media":"","overlay-type":"","overlay-color":"","overlay-gradient":""},"tablet":{"background-color":"","background-image":"","background-repeat":"repeat","background-position":"center center","background-size":"auto","background-attachment":"scroll","background-type":"","background-media":"","overlay-type":"","overlay-color":"","overlay-gradient":""},"mobile":{"background-color":"","background-image":"","background-repeat":"repeat","background-position":"center center","background-size":"auto","background-attachment":"scroll","background-type":"","background-media":"","overlay-type":"","overlay-color":"","overlay-gradient":""}},"ast-content-background-meta":{"desktop":{"background-color":"var(--ast-global-color-5)","background-image":"","background-repeat":"repeat","background-position":"center center","background-size":"auto","background-attachment":"scroll","background-type":"","background-media":"","overlay-type":"","overlay-color":"","overlay-gradient":""},"tablet":{"background-color":"var(--ast-global-color-5)","background-image":"","background-repeat":"repeat","background-position":"center center","background-size":"auto","background-attachment":"scroll","background-type":"","background-media":"","overlay-type":"","overlay-color":"","overlay-gradient":""},"mobile":{"background-color":"var(--ast-global-color-5)","background-image":"","background-repeat":"repeat","background-position":"center center","background-size":"auto","background-attachment":"scroll","background-type":"","background-media":"","overlay-type":"","overlay-color":"","overlay-gradient":""}},"footnotes":""},"class_list":["post-2055","page","type-page","status-publish","hentry"],"_links":{"self":[{"href":"https:\/\/asesorias.immigrationandeducation.com\/en\/wp-json\/wp\/v2\/pages\/2055","targetHints":{"allow":["GET"]}}],"collection":[{"href":"https:\/\/asesorias.immigrationandeducation.com\/en\/wp-json\/wp\/v2\/pages"}],"about":[{"href":"https:\/\/asesorias.immigrationandeducation.com\/en\/wp-json\/wp\/v2\/types\/page"}],"author":[{"embeddable":true,"href":"https:\/\/asesorias.immigrationandeducation.com\/en\/wp-json\/wp\/v2\/users\/2"}],"replies":[{"embeddable":true,"href":"https:\/\/asesorias.immigrationandeducation.com\/en\/wp-json\/wp\/v2\/comments?post=2055"}],"version-history":[{"count":81,"href":"https:\/\/asesorias.immigrationandeducation.com\/en\/wp-json\/wp\/v2\/pages\/2055\/revisions"}],"predecessor-version":[{"id":2350,"href":"https:\/\/asesorias.immigrationandeducation.com\/en\/wp-json\/wp\/v2\/pages\/2055\/revisions\/2350"}],"wp:attachment":[{"href":"https:\/\/asesorias.immigrationandeducation.com\/en\/wp-json\/wp\/v2\/media?parent=2055"}],"curies":[{"name":"wp","href":"https:\/\/api.w.org\/{rel}","templated":true}]}}