{"id":654,"date":"2022-10-26T03:00:50","date_gmt":"2022-10-26T03:00:50","guid":{"rendered":"https:\/\/inmigration.warellano.dev\/?page_id=654"},"modified":"2022-11-07T23:27:27","modified_gmt":"2022-11-08T03:27:27","slug":"terminos-y-condiciones","status":"publish","type":"page","link":"https:\/\/asesorias.immigrationandeducation.com\/en\/terminos-y-condiciones\/","title":{"rendered":"T\u00e9rminos y Condiciones"},"content":{"rendered":"<h2><span style=\"color: #6283c4;\">Terms and Conditions<\/span><\/h2>\n<p><span style=\"color: #333333;\">It is understood and agreed that this agreement is between the parties hereto and that no previous representations or agreements in any way relating to the subject matter of this agreement, whether expressed or implied, collateral or otherwise, oral or written (except those set forth in this agreement) shall be binding upon the parties hereto.<\/span><\/p>\n<p><span style=\"color: #333333;\">Please be advised that Ivonne Aracely Navas is an International Education specialist and an Authorized representative of the Canadian government. A Regulated Canadian Immigration Consultant (RCIC) and a full member in good standing with The College of Immigration and Citizenship Consultants (ICCRC),\u00a0 <a style=\"color: #333333;\" href=\"https:\/\/college-ic.ca\/\">https:\/\/college-ic.ca\/<\/a>\u00a0<\/span><\/p>\n<p><span style=\"color: #000000;\">Membership No. R517820.\u00a0<\/span><\/p>\n<p><span style=\"color: #333333;\">Telephone: +1604 836-1968.\u00a0 E- mail: <\/span><a href=\"mailto:explore@immigrationandeducation.com\">explore@immigrationandeducation.com<\/a><\/p>\n<p><span style=\"color: #333333;\">Licensed Members are bound by ICCRC\u2019s by-laws, code of ethics and associated regulations. The College of immigration and citizenship consultants \u00a0https:\/\/college-ic.ca\/\u00a0is the regulatory body for immigration consultants. The primary function of the Council is to ensure that all consumers have access to services from a qualified and ethical body of consultants.<\/span><\/p>\n<p><span style=\"color: #333333;\">Measures are in place to protect all individuals who may use the services of immigration consultants.<\/span><br \/>\n<span style=\"color: #333333;\">ICCRC Contact Information: The College of Immigration and Citizenship Consultants(ICCRC) 5500 North Service Rd., Suite 1002 Burlington, ON, L7L 6W6 Toll free: 1-877-836-7543<\/span><\/p>\n<p><span style=\"color: #333333;\">LAWS OF BRITISH COLUMBIA AND CANADA<\/span><br \/>\n<span style=\"color: #333333;\">This Agreement shall be governed by the laws of British Columbia and the laws of Canada as the case may be.<\/span><\/p>\n<h5><\/h5>\n<h2><span style=\"color: #6283c4;\">T\u00e9rminos y Condiciones<\/span><\/h2>\n<p><span style=\"color: #333333;\">Queda entendido y acordado\u00a0 que este contrato es entre las partes involucradas y no existe ninguna representaci\u00f3n o acuerdo anterior de ninguna manera relacionada con el tema de este acuerdo, ya sea expresa o impl\u00edcita, colateral o de otro tipo, oral o escrita (excepto las establecidas en este acuerdo) y no ser\u00e1 vinculante para las partes del presente.<\/span><\/p>\n<p><span style=\"color: #333333;\"><span style=\"font-weight: 400;\">Se informa que Ivonne Aracely Navas es un Consultor regulado de inmigraci\u00f3n canadiense ( RCIC) \u00a0 y miembro de <\/span><span style=\"font-weight: 400;\">The College of Immigration and Citizenship Consultants <\/span><\/span><span style=\"font-weight: 400;\"><span style=\"color: #333333;\">(ICCRC),<\/span>\u00a0 <\/span><a href=\"https:\/\/college-ic.ca\/\"><span style=\"font-weight: 400;\">https:\/\/college-ic.ca\/<\/span><\/a><span style=\"font-weight: 400;\">\u00a0 <span style=\"color: #333333;\">Membresia No. R517820.<\/span><\/span><span style=\"font-weight: 400; color: #333333;\">\u00a0<\/span><\/p>\n<p><span style=\"font-weight: 400;\"><span style=\"color: #333333;\">Tel: +1604 836-1968.\u00a0 E- mail:<\/span>\u00a0<\/span><a href=\"mailto:explore@immigrationandeducation.com\"><span style=\"font-weight: 400;\">explore@immigrationandeducation.com<\/span><\/a><\/p>\n<p><span style=\"font-weight: 400; color: #333333;\">Los Miembros con licencia est\u00e1n sujetos a los estatutos, el c\u00f3digo de \u00e9tica y las regulaciones asociadas de\u00a0 ICCRC\/ \u201cThe College\u201d. El Colegio de consultores de inmigraci\u00f3n y ciudadan\u00eda https:\/\/college-ic.ca\/ es el organismo regulador de los consultores de inmigraci\u00f3n. La funci\u00f3n principal del Consejo es garantizar que todos los consumidores tengan acceso a los servicios de un cuerpo calificado y \u00e9tico de consultores.\u00a0 \u00a0 Se han adoptado medidas para proteger a todas las personas que puedan utilizar los servicios de consultores de inmigraci\u00f3n. Informaci\u00f3n de contacto de ICCRC: The College of Immigration and Citizenship Consultants (ICCRC) 5500 North Service Rd., Suite 1002<\/span><\/p>\n<p><span style=\"font-weight: 400; color: #333333;\">Burlington, ON, L7L 6W6 Toll free: 1-877-836-7543<\/span><\/p>\n<p><span style=\"font-weight: 400; color: #333333;\">Este Acuerdo se regir\u00e1 por las leyes de Columbia Brit\u00e1nica y las leyes de Canad\u00e1, seg\u00fan sea el caso.<\/span><\/p>","protected":false},"excerpt":{"rendered":"<p>Terms and Conditions It is understood and agreed that this agreement is between the parties hereto and that no previous representations or agreements in any way relating to the subject matter of this agreement, whether expressed or implied, collateral or otherwise, oral or written (except those set forth in this agreement) shall be binding upon &hellip;<\/p>\n<p class=\"read-more\"> <a class=\"\" href=\"https:\/\/asesorias.immigrationandeducation.com\/en\/terminos-y-condiciones\/\"> <span class=\"screen-reader-text\">T\u00e9rminos y Condiciones<\/span> Read More &raquo;<\/a><\/p>","protected":false},"author":1,"featured_media":0,"parent":0,"menu_order":0,"comment_status":"closed","ping_status":"closed","template":"elementor_theme","meta":{"site-sidebar-layout":"default","site-content-layout":"default","ast-site-content-layout":"","site-content-style":"default","site-sidebar-style":"default","ast-global-header-display":"","ast-banner-title-visibility":"","ast-main-header-display":"","ast-hfb-above-header-display":"","ast-hfb-below-header-display":"","ast-hfb-mobile-header-display":"","site-post-title":"disabled","ast-breadcrumbs-content":"","ast-featured-img":"","footer-sml-layout":"","theme-transparent-header-meta":"default","adv-header-id-meta":"","stick-header-meta":"","header-above-stick-meta":"","header-main-stick-meta":"","header-below-stick-meta":"","astra-migrate-meta-layouts":"","ast-page-background-enabled":"default","ast-page-background-meta":{"desktop":{"background-color":"","background-image":"","background-repeat":"repeat","background-position":"center center","background-size":"auto","background-attachment":"scroll","background-type":"","background-media":"","overlay-type":"","overlay-color":"","overlay-gradient":""},"tablet":{"background-color":"","background-image":"","background-repeat":"repeat","background-position":"center center","background-size":"auto","background-attachment":"scroll","background-type":"","background-media":"","overlay-type":"","overlay-color":"","overlay-gradient":""},"mobile":{"background-color":"","background-image":"","background-repeat":"repeat","background-position":"center center","background-size":"auto","background-attachment":"scroll","background-type":"","background-media":"","overlay-type":"","overlay-color":"","overlay-gradient":""}},"ast-content-background-meta":{"desktop":{"background-color":"var(--ast-global-color-5)","background-image":"","background-repeat":"repeat","background-position":"center center","background-size":"auto","background-attachment":"scroll","background-type":"","background-media":"","overlay-type":"","overlay-color":"","overlay-gradient":""},"tablet":{"background-color":"var(--ast-global-color-5)","background-image":"","background-repeat":"repeat","background-position":"center center","background-size":"auto","background-attachment":"scroll","background-type":"","background-media":"","overlay-type":"","overlay-color":"","overlay-gradient":""},"mobile":{"background-color":"var(--ast-global-color-5)","background-image":"","background-repeat":"repeat","background-position":"center center","background-size":"auto","background-attachment":"scroll","background-type":"","background-media":"","overlay-type":"","overlay-color":"","overlay-gradient":""}},"footnotes":""},"class_list":["post-654","page","type-page","status-publish","hentry"],"_links":{"self":[{"href":"https:\/\/asesorias.immigrationandeducation.com\/en\/wp-json\/wp\/v2\/pages\/654","targetHints":{"allow":["GET"]}}],"collection":[{"href":"https:\/\/asesorias.immigrationandeducation.com\/en\/wp-json\/wp\/v2\/pages"}],"about":[{"href":"https:\/\/asesorias.immigrationandeducation.com\/en\/wp-json\/wp\/v2\/types\/page"}],"author":[{"embeddable":true,"href":"https:\/\/asesorias.immigrationandeducation.com\/en\/wp-json\/wp\/v2\/users\/1"}],"replies":[{"embeddable":true,"href":"https:\/\/asesorias.immigrationandeducation.com\/en\/wp-json\/wp\/v2\/comments?post=654"}],"version-history":[{"count":10,"href":"https:\/\/asesorias.immigrationandeducation.com\/en\/wp-json\/wp\/v2\/pages\/654\/revisions"}],"predecessor-version":[{"id":1240,"href":"https:\/\/asesorias.immigrationandeducation.com\/en\/wp-json\/wp\/v2\/pages\/654\/revisions\/1240"}],"wp:attachment":[{"href":"https:\/\/asesorias.immigrationandeducation.com\/en\/wp-json\/wp\/v2\/media?parent=654"}],"curies":[{"name":"wp","href":"https:\/\/api.w.org\/{rel}","templated":true}]}}