{"id":3,"date":"2022-10-13T18:02:36","date_gmt":"2022-10-13T18:02:36","guid":{"rendered":"https:\/\/inmigration.warellano.dev\/?page_id=3"},"modified":"2022-11-05T19:12:00","modified_gmt":"2022-11-05T23:12:00","slug":"politica-privacidad","status":"publish","type":"page","link":"https:\/\/asesorias.immigrationandeducation.com\/es\/politica-privacidad\/","title":{"rendered":"Pol\u00edtica de privacidad"},"content":{"rendered":"<h2 class=\"wp-block-heading\"><strong><span style=\"color: #6283c4;\">Pol\u00edtica de privacidad<\/span><\/strong><\/h2>\r\n<p><span style=\"font-weight: 400;\">El sitio web https:\/\/immigrationandeducation.com\/ es propiedad de Explore I.D.E.A.S. Inmigration &amp; Education que cuenta con un sistema de manejo de datos.<\/span><\/p>\r\n<p><span style=\"font-weight: 400;\">Cuidamos sus datos personales y nos comprometemos a garantizar su confidencialidad y seguridad.<\/span><\/p>\r\n<p><span style=\"font-weight: 400;\">Nuestra m\u00e1xima prioridad es la seguridad de los datos del cliente y, como tal, nos comprometemos a procesar solo los datos m\u00ednimos del usuario, solo en la medida en que sea absolutamente necesario para mantener el sitio web o llevar alg\u00fan proceso, siempre que usted acepte nuestros t\u00e9rminos y condiciones.\u00a0<\/span><\/p>\r\n<p><span style=\"font-weight: 400;\">Aseguramos que la informaci\u00f3n que nos proporciona se almacena en servidores inform\u00e1ticos en un entorno controlado y seguro, protegido del acceso, uso o divulgaci\u00f3n no autorizados. Mantenemos medidas de seguridad administrativas, t\u00e9cnicas y f\u00edsicas razonables para proteger sus datos contra el acceso no autorizado, el uso, la modificaci\u00f3n y la divulgaci\u00f3n de datos personales bajo su control y custodia. <\/span><\/p>","protected":false},"excerpt":{"rendered":"<p>Pol\u00edtica de privacidad El sitio web https:\/\/immigrationandeducation.com\/ es propiedad de Explore I.D.E.A.S. Inmigration &amp; Education que cuenta con un sistema de manejo de datos. Cuidamos sus datos personales y nos comprometemos a garantizar su confidencialidad y seguridad. Nuestra m\u00e1xima prioridad es la seguridad de los datos del cliente y, como tal, nos comprometemos a procesar &hellip;<\/p>\n<p class=\"read-more\"> <a class=\"\" href=\"https:\/\/asesorias.immigrationandeducation.com\/es\/politica-privacidad\/\"> <span class=\"screen-reader-text\">Pol\u00edtica de privacidad<\/span> Leer m\u00e1s &raquo;<\/a><\/p>","protected":false},"author":1,"featured_media":0,"parent":0,"menu_order":0,"comment_status":"closed","ping_status":"open","template":"elementor_theme","meta":{"site-sidebar-layout":"default","site-content-layout":"default","ast-site-content-layout":"","site-content-style":"default","site-sidebar-style":"default","ast-global-header-display":"","ast-banner-title-visibility":"","ast-main-header-display":"","ast-hfb-above-header-display":"","ast-hfb-below-header-display":"","ast-hfb-mobile-header-display":"","site-post-title":"disabled","ast-breadcrumbs-content":"","ast-featured-img":"","footer-sml-layout":"","theme-transparent-header-meta":"default","adv-header-id-meta":"","stick-header-meta":"","header-above-stick-meta":"","header-main-stick-meta":"","header-below-stick-meta":"","astra-migrate-meta-layouts":"","ast-page-background-enabled":"default","ast-page-background-meta":{"desktop":{"background-color":"","background-image":"","background-repeat":"repeat","background-position":"center center","background-size":"auto","background-attachment":"scroll","background-type":"","background-media":"","overlay-type":"","overlay-color":"","overlay-gradient":""},"tablet":{"background-color":"","background-image":"","background-repeat":"repeat","background-position":"center center","background-size":"auto","background-attachment":"scroll","background-type":"","background-media":"","overlay-type":"","overlay-color":"","overlay-gradient":""},"mobile":{"background-color":"","background-image":"","background-repeat":"repeat","background-position":"center center","background-size":"auto","background-attachment":"scroll","background-type":"","background-media":"","overlay-type":"","overlay-color":"","overlay-gradient":""}},"ast-content-background-meta":{"desktop":{"background-color":"var(--ast-global-color-5)","background-image":"","background-repeat":"repeat","background-position":"center center","background-size":"auto","background-attachment":"scroll","background-type":"","background-media":"","overlay-type":"","overlay-color":"","overlay-gradient":""},"tablet":{"background-color":"var(--ast-global-color-5)","background-image":"","background-repeat":"repeat","background-position":"center center","background-size":"auto","background-attachment":"scroll","background-type":"","background-media":"","overlay-type":"","overlay-color":"","overlay-gradient":""},"mobile":{"background-color":"var(--ast-global-color-5)","background-image":"","background-repeat":"repeat","background-position":"center center","background-size":"auto","background-attachment":"scroll","background-type":"","background-media":"","overlay-type":"","overlay-color":"","overlay-gradient":""}},"footnotes":""},"class_list":["post-3","page","type-page","status-publish","hentry"],"_links":{"self":[{"href":"https:\/\/asesorias.immigrationandeducation.com\/es\/wp-json\/wp\/v2\/pages\/3","targetHints":{"allow":["GET"]}}],"collection":[{"href":"https:\/\/asesorias.immigrationandeducation.com\/es\/wp-json\/wp\/v2\/pages"}],"about":[{"href":"https:\/\/asesorias.immigrationandeducation.com\/es\/wp-json\/wp\/v2\/types\/page"}],"author":[{"embeddable":true,"href":"https:\/\/asesorias.immigrationandeducation.com\/es\/wp-json\/wp\/v2\/users\/1"}],"replies":[{"embeddable":true,"href":"https:\/\/asesorias.immigrationandeducation.com\/es\/wp-json\/wp\/v2\/comments?post=3"}],"version-history":[{"count":3,"href":"https:\/\/asesorias.immigrationandeducation.com\/es\/wp-json\/wp\/v2\/pages\/3\/revisions"}],"predecessor-version":[{"id":1198,"href":"https:\/\/asesorias.immigrationandeducation.com\/es\/wp-json\/wp\/v2\/pages\/3\/revisions\/1198"}],"wp:attachment":[{"href":"https:\/\/asesorias.immigrationandeducation.com\/es\/wp-json\/wp\/v2\/media?parent=3"}],"curies":[{"name":"wp","href":"https:\/\/api.w.org\/{rel}","templated":true}]}}